{"id":1778,"date":"2023-04-03T15:25:34","date_gmt":"2023-04-03T13:25:34","guid":{"rendered":"https:\/\/gdf.evolvemarketing.cloud\/?page_id=1778"},"modified":"2023-04-03T15:25:35","modified_gmt":"2023-04-03T13:25:35","slug":"garanzia","status":"publish","type":"page","link":"https:\/\/www.giuseppedefranco.com\/es\/garanzia\/","title":{"rendered":"Garant\u00eda"},"content":{"rendered":"<ol class=\"wp-block-list\">\n<li>Garant\u00eda legal de los productos<\/li>\n<\/ol>\n\n\n\n<p>L&#8217;e-commerce di Giuseppe de Franco, con sede legale in Carrer D. Juan de Austria 4, 46002 Valencia, Spain (N.I.F.: Y7269235F), si impegna a rispettare la normativa spagnola in materia di garanzia sui prodotti di abbigliamento. In conformit\u00e0 con la legislazione vigente, offriamo una garanzia legale di conformit\u00e0 di due anni dalla data di consegna del prodotto.<\/p>\n\n\n\n<p>La garanzia legale copre eventuali difetti di conformit\u00e0 che si manifestano entro due anni dalla consegna del prodotto e che esistevano al momento dell&#8217;acquisto. Un prodotto \u00e8 considerato conforme al contratto di vendita se:<\/p>\n\n\n\n<ul class=\"wp-block-list\">\n<li>\u00c8 adatto all&#8217;uso abituale di un prodotto simile.<\/li>\n\n\n\n<li>Corrisponde alla descrizione fornita dal venditore e possiede le qualit\u00e0 del prodotto presentate al cliente.<\/li>\n\n\n\n<li>Ha la qualit\u00e0 e le prestazioni abituali e ragionevolmente attese, tenendo conto della natura del prodotto e delle sue dichiarazioni pubbliche sulle caratteristiche specifiche.<\/li>\n<\/ul>\n\n\n\n<ol class=\"wp-block-list\" start=\"2\">\n<li>Procedimientos de reclamaci\u00f3n en garant\u00eda<\/li>\n<\/ol>\n\n\n\n<p>Se un cliente ritiene di aver ricevuto un prodotto difettoso o non conforme, \u00e8 necessario contattare il nostro servizio clienti entro due mesi dalla scoperta del difetto. Puoi farlo inviando un&#8217;email a <a href=\"mailto:giuseppe291095@gmail.com\">giuseppe291095@gmail.com<\/a>.<\/p>\n\n\n\n<p>Per poter avvalersi della garanzia, il cliente dovr\u00e0 fornire la prova dell&#8217;acquisto (ad esempio, una copia dell&#8217;ordine o della fattura). Il nostro servizio clienti fornir\u00e0 istruzioni dettagliate su come procedere con il reclamo.<\/p>\n\n\n\n<ol class=\"wp-block-list\" start=\"3\">\n<li>Recursos de garant\u00eda<\/li>\n<\/ol>\n\n\n\n<p>Se viene accertato che il prodotto non \u00e8 conforme al contratto di vendita, il cliente avr\u00e0 diritto a:<\/p>\n\n\n\n<ul class=\"wp-block-list\">\n<li>Reparaci\u00f3n o sustituci\u00f3n del producto, sin coste adicional y en un plazo razonable.<\/li>\n\n\n\n<li>Reducci\u00f3n del precio o rescisi\u00f3n del contrato en caso de que la reparaci\u00f3n o sustituci\u00f3n no sea posible, sea desproporcionada o no se lleve a cabo en un plazo razonable.<\/li>\n<\/ul>\n\n\n\n<p>La scelta tra riparazione o sostituzione spetta al cliente, a meno che una delle due opzioni non sia oggettivamente impossibile o sproporzionata rispetto all&#8217;altra.<\/p>\n\n\n\n<p>Tenga en cuenta que la garant\u00eda legal no cubre los da\u00f1os causados por uso indebido, desgaste normal, accidentes o mantenimiento inadecuado.<\/p>","protected":false},"excerpt":{"rendered":"<p>L&#8217;e-commerce di Giuseppe de Franco, con sede legale in Carrer D. Juan de Austria 4, 46002 Valencia, Spain (N.I.F.: Y7269235F), si impegna a rispettare la normativa spagnola in materia di garanzia sui prodotti di abbigliamento. In conformit\u00e0 con la legislazione vigente, offriamo una garanzia legale di conformit\u00e0 di due anni dalla data di consegna del&#8230;<\/p>","protected":false},"author":5,"featured_media":0,"parent":0,"menu_order":0,"comment_status":"closed","ping_status":"closed","template":"","meta":{"_kad_post_transparent":"","_kad_post_title":"","_kad_post_layout":"","_kad_post_sidebar_id":"","_kad_post_content_style":"","_kad_post_vertical_padding":"","_kad_post_feature":"","_kad_post_feature_position":"","_kad_post_header":false,"_kad_post_footer":false,"_kad_post_classname":"","_jf_save_progress":"","footnotes":""},"class_list":["post-1778","page","type-page","status-publish","hentry"],"jetpack_sharing_enabled":true,"_links":{"self":[{"href":"https:\/\/www.giuseppedefranco.com\/es\/wp-json\/wp\/v2\/pages\/1778","targetHints":{"allow":["GET"]}}],"collection":[{"href":"https:\/\/www.giuseppedefranco.com\/es\/wp-json\/wp\/v2\/pages"}],"about":[{"href":"https:\/\/www.giuseppedefranco.com\/es\/wp-json\/wp\/v2\/types\/page"}],"author":[{"embeddable":true,"href":"https:\/\/www.giuseppedefranco.com\/es\/wp-json\/wp\/v2\/users\/5"}],"replies":[{"embeddable":true,"href":"https:\/\/www.giuseppedefranco.com\/es\/wp-json\/wp\/v2\/comments?post=1778"}],"version-history":[{"count":1,"href":"https:\/\/www.giuseppedefranco.com\/es\/wp-json\/wp\/v2\/pages\/1778\/revisions"}],"predecessor-version":[{"id":1779,"href":"https:\/\/www.giuseppedefranco.com\/es\/wp-json\/wp\/v2\/pages\/1778\/revisions\/1779"}],"wp:attachment":[{"href":"https:\/\/www.giuseppedefranco.com\/es\/wp-json\/wp\/v2\/media?parent=1778"}],"curies":[{"name":"wp","href":"https:\/\/api.w.org\/{rel}","templated":true}]}}