{"id":676,"date":"2022-03-22T15:41:59","date_gmt":"2022-03-22T15:41:59","guid":{"rendered":"https:\/\/gdf.evolvemarketing.cloud\/?page_id=676"},"modified":"2026-02-07T23:20:18","modified_gmt":"2026-02-07T22:20:18","slug":"chi-sono","status":"publish","type":"page","link":"https:\/\/www.giuseppedefranco.com\/es\/chi-sono\/","title":{"rendered":"Aquellos Que Son"},"content":{"rendered":"\t\t<div data-elementor-type=\"wp-page\" data-elementor-id=\"676\" class=\"elementor elementor-676\" data-elementor-post-type=\"page\">\n\t\t\t\t\t\t<section class=\"elementor-section elementor-top-section elementor-element elementor-element-70b20e8 elementor-section-height-min-height elementor-section-boxed elementor-section-height-default elementor-section-items-middle\" data-id=\"70b20e8\" data-element_type=\"section\" data-e-type=\"section\" data-settings=\"{&quot;background_background&quot;:&quot;classic&quot;}\">\n\t\t\t\t\t\t<div class=\"elementor-container elementor-column-gap-default\">\n\t\t\t\t\t<div class=\"elementor-column elementor-col-100 elementor-top-column elementor-element elementor-element-7a665d9\" data-id=\"7a665d9\" data-element_type=\"column\" data-e-type=\"column\">\n\t\t\t<div class=\"elementor-widget-wrap\">\n\t\t\t\t\t\t\t<\/div>\n\t\t<\/div>\n\t\t\t\t\t<\/div>\n\t\t<\/section>\n\t\t\t\t<section class=\"elementor-section elementor-top-section elementor-element elementor-element-4c483ae7 elementor-section-content-middle elementor-reverse-mobile elementor-hidden-desktop elementor-hidden-tablet elementor-hidden-mobile elementor-section-boxed elementor-section-height-default elementor-section-height-default\" data-id=\"4c483ae7\" data-element_type=\"section\" data-e-type=\"section\">\n\t\t\t\t\t\t<div class=\"elementor-container elementor-column-gap-no\">\n\t\t\t\t\t<div class=\"elementor-column elementor-col-50 elementor-top-column elementor-element elementor-element-29888b8d\" data-id=\"29888b8d\" data-element_type=\"column\" data-e-type=\"column\" data-settings=\"{&quot;motion_fx_motion_fx_scrolling&quot;:&quot;yes&quot;,&quot;motion_fx_translateY_effect&quot;:&quot;yes&quot;,&quot;motion_fx_translateY_direction&quot;:&quot;negative&quot;,&quot;motion_fx_translateY_speed&quot;:{&quot;unit&quot;:&quot;px&quot;,&quot;size&quot;:6.3,&quot;sizes&quot;:[]},&quot;motion_fx_translateY_affectedRange&quot;:{&quot;unit&quot;:&quot;%&quot;,&quot;size&quot;:&quot;&quot;,&quot;sizes&quot;:{&quot;start&quot;:55,&quot;end&quot;:85}},&quot;motion_fx_devices&quot;:[&quot;desktop&quot;,&quot;tablet&quot;,&quot;mobile&quot;]}\">\n\t\t\t<div class=\"elementor-widget-wrap elementor-element-populated\">\n\t\t\t\t\t\t<div class=\"elementor-element elementor-element-43cae91e elementor-widget elementor-widget-image\" data-id=\"43cae91e\" data-element_type=\"widget\" data-e-type=\"widget\" data-widget_type=\"image.default\">\n\t\t\t\t\t\t\t\t\t\t\t\t\t\t\t<img fetchpriority=\"high\" decoding=\"async\" width=\"1366\" height=\"2048\" src=\"https:\/\/www.giuseppedefranco.com\/wp-content\/uploads\/2025\/07\/WhatsApp-Image-2025-07-22-at-15.18.51.jpeg\" class=\"attachment-full size-full wp-image-2932\" alt=\"\" srcset=\"https:\/\/www.giuseppedefranco.com\/wp-content\/uploads\/2025\/07\/WhatsApp-Image-2025-07-22-at-15.18.51.jpeg 1366w, https:\/\/www.giuseppedefranco.com\/wp-content\/uploads\/2025\/07\/WhatsApp-Image-2025-07-22-at-15.18.51-200x300.jpeg 200w, https:\/\/www.giuseppedefranco.com\/wp-content\/uploads\/2025\/07\/WhatsApp-Image-2025-07-22-at-15.18.51-683x1024.jpeg 683w, https:\/\/www.giuseppedefranco.com\/wp-content\/uploads\/2025\/07\/WhatsApp-Image-2025-07-22-at-15.18.51-768x1151.jpeg 768w, https:\/\/www.giuseppedefranco.com\/wp-content\/uploads\/2025\/07\/WhatsApp-Image-2025-07-22-at-15.18.51-1025x1536.jpeg 1025w, https:\/\/www.giuseppedefranco.com\/wp-content\/uploads\/2025\/07\/WhatsApp-Image-2025-07-22-at-15.18.51-8x12.jpeg 8w, https:\/\/www.giuseppedefranco.com\/wp-content\/uploads\/2025\/07\/WhatsApp-Image-2025-07-22-at-15.18.51-1152x1728.jpeg 1152w\" sizes=\"(max-width: 1366px) 100vw, 1366px\" \/>\t\t\t\t\t\t\t\t\t\t\t\t\t\t\t<\/div>\n\t\t\t\t\t<\/div>\n\t\t<\/div>\n\t\t\t\t<div class=\"elementor-column elementor-col-50 elementor-top-column elementor-element elementor-element-4f120765\" data-id=\"4f120765\" data-element_type=\"column\" data-e-type=\"column\">\n\t\t\t<div class=\"elementor-widget-wrap elementor-element-populated\">\n\t\t\t\t\t\t<div class=\"elementor-element elementor-element-313ada28 elementor-widget elementor-widget-heading\" data-id=\"313ada28\" data-element_type=\"widget\" data-e-type=\"widget\" data-widget_type=\"heading.default\">\n\t\t\t\t\t<h4 class=\"elementor-heading-title elementor-size-default\">BRAND STORY<\/h4>\t\t\t\t<\/div>\n\t\t\t\t<div class=\"elementor-element elementor-element-4e9f23c0 elementor-widget__width-initial elementor-widget elementor-widget-text-editor\" data-id=\"4e9f23c0\" data-element_type=\"widget\" data-e-type=\"widget\" data-widget_type=\"text-editor.default\">\n\t\t\t\t\t\t\t\t\t<h4>Radici mediterranee, visione globale.<\/h4><p>Giuseppe De Franco nasce in Calabria, una terra di mare, luce e contrasti. Ogni collezione \u00e8 un ponte tra le origini e il futuro: un racconto che parte dalle coste del Sud Italia e si apre al mondo con un linguaggio universale di eleganza, energia e innovazione.<\/p>\t\t\t\t\t\t\t\t<\/div>\n\t\t\t\t<div class=\"elementor-element elementor-element-4b8d7f3 elementor-widget__width-initial elementor-widget elementor-widget-text-editor\" data-id=\"4b8d7f3\" data-element_type=\"widget\" data-e-type=\"widget\" data-widget_type=\"text-editor.default\">\n\t\t\t\t\t\t\t\t\t<h4>La missione.<\/h4><p>Il brand non \u00e8 solo moda, ma un\u2019esperienza. Ogni capo \u00e8 pensato per trasmettere emozione, raccontare una storia e celebrare l\u2019identit\u00e0 di chi lo indossa. Tessuti pregiati, lavorazioni curate e dettagli simbolici trasformano ogni collezione in un manifesto di libert\u00e0, autenticit\u00e0 e visione artistica.<\/p>\t\t\t\t\t\t\t\t<\/div>\n\t\t\t\t<div class=\"elementor-element elementor-element-8e7df02 elementor-widget__width-initial elementor-widget elementor-widget-text-editor\" data-id=\"8e7df02\" data-element_type=\"widget\" data-e-type=\"widget\" data-widget_type=\"text-editor.default\">\n\t\t\t\t\t\t\t\t\t<h4>Lo stile.<\/h4><p>Giuseppe De Franco fonde tradizione sartoriale italiana e spirito contemporaneo. Linee essenziali e tagli audaci si incontrano con elementi ispirati alla cultura classica, al mare, alla natura e alla vitalit\u00e0 mediterranea. Il risultato: una moda che vive tra lusso e avanguardia, pensata per chi non ha paura di distinguersi.<\/p>\t\t\t\t\t\t\t\t<\/div>\n\t\t\t\t<div class=\"elementor-element elementor-element-91521bf elementor-widget__width-initial elementor-widget elementor-widget-text-editor\" data-id=\"91521bf\" data-element_type=\"widget\" data-e-type=\"widget\" data-widget_type=\"text-editor.default\">\n\t\t\t\t\t\t\t\t\t<h4>Il futuro.<\/h4><p>L\u2019obiettivo \u00e8 ambizioso: portare la moda fuori dalle passerelle convenzionali, fino agli stadi, alle piazze, ai luoghi simbolo del mondo. Creare un movimento culturale che unisce persone e stili, rendendo la moda non solo da indossare, ma da vivere.<\/p>\t\t\t\t\t\t\t\t<\/div>\n\t\t\t\t<div class=\"elementor-element elementor-element-3e3b4e7 elementor-align-left elementor-widget elementor-widget-button\" data-id=\"3e3b4e7\" data-element_type=\"widget\" data-e-type=\"widget\" data-widget_type=\"button.default\">\n\t\t\t\t\t\t\t\t\t\t<a class=\"elementor-button elementor-button-link elementor-size-sm\" href=\"https:\/\/www.giuseppedefranco.com\/shop\/\">\n\t\t\t\t\t\t<span class=\"elementor-button-content-wrapper\">\n\t\t\t\t\t\t\t\t\t<span class=\"elementor-button-text\">SCOPRI LA COLLEZIONE<\/span>\n\t\t\t\t\t<\/span>\n\t\t\t\t\t<\/a>\n\t\t\t\t\t\t\t\t<\/div>\n\t\t\t\t\t<\/div>\n\t\t<\/div>\n\t\t\t\t\t<\/div>\n\t\t<\/section>\n\t\t<div class=\"elementor-element elementor-element-d5f2474 e-con-full e-flex e-con e-parent\" data-id=\"d5f2474\" data-element_type=\"container\" data-e-type=\"container\">\n\t\t\t\t<div class=\"elementor-element elementor-element-51fc654 elementor-widget elementor-widget-html\" data-id=\"51fc654\" data-element_type=\"widget\" data-e-type=\"widget\" data-widget_type=\"html.default\">\n\t\t\t\t\t<!-- GIUSEPPE DE FRANCO \u2014 BRAND STORY -->\n<!-- Widget HTML Elementor \u2014 Sezione: padding 0, Full Width -->\n\n<div style=\"width:100%;font-family:Poppins,sans-serif;-webkit-font-smoothing:antialiased;overflow:hidden;\">\n\n  <!-- ===== HERO (DARK) ===== -->\n  <div style=\"min-height:100vh;display:flex;flex-direction:column;align-items:center;justify-content:center;text-align:center;padding:80px 24px;background:#0A0A0F;position:relative;\">\n    <p style=\"font-family:Poppins,sans-serif;font-weight:300;font-size:12px;letter-spacing:0.5em;text-transform:uppercase;color:rgba(255,255,255,0.25);margin:0 0 40px 0;line-height:1.4;\">BRAND STORY<\/p>\n    <h1 style=\"font-family:Poppins,sans-serif;font-weight:700;font-size:72px;letter-spacing:-0.02em;line-height:1.0;text-transform:uppercase;color:#FFFFFF;margin:0 0 16px 0;\">\n      Radici mediterranee,\n      <span style=\"display:block;font-family:Poppins,sans-serif;font-weight:200;font-style:italic;text-transform:none;font-size:30px;color:rgba(255,255,255,0.50);margin-top:12px;letter-spacing:0.02em;line-height:1.3;\">visione globale.<\/span>\n    <\/h1>\n    <div style=\"width:40px;height:1px;background:rgba(255,255,255,0.25);margin:32px auto;\"><\/div>\n    <p style=\"font-family:Poppins,sans-serif;font-weight:300;font-size:15px;color:rgba(255,255,255,0.50);line-height:2.0;max-width:580px;margin:0 auto;text-align:center;\">\n      Giuseppe De Franco nasce in Calabria, una terra di mare, luce e contrasti. Ogni collezione \u00e8 un ponte tra le origini e il futuro: un racconto che parte dalle coste del Sud Italia e si apre al mondo con un linguaggio universale di eleganza, energia e innovazione.\n    <\/p>\n  <\/div>\n\n  <!-- ===== LA MISSIONE (LIGHT) ===== -->\n  <div style=\"padding:100px 24px;background:#F7F6F3;\">\n    <div style=\"max-width:820px;margin:0 auto;\">\n      <div style=\"width:45px;height:1px;background:rgba(10,10,15,0.15);margin:0 0 32px 0;\"><\/div>\n      <h2 style=\"font-family:Poppins,sans-serif;font-weight:700;font-size:52px;line-height:1.1;letter-spacing:-0.02em;color:#0A0A0F;margin:0 0 28px 0;\">La missione.<\/h2>\n      <p style=\"font-family:Poppins,sans-serif;font-weight:300;font-size:15px;line-height:2.05;color:rgba(10,10,15,0.50);max-width:600px;margin:0 0 0 0;\">\n        Il brand non \u00e8 solo moda, ma un'esperienza. Ogni capo \u00e8 pensato per trasmettere emozione, raccontare una storia e celebrare l'identit\u00e0 di chi lo indossa. Tessuti pregiati, lavorazioni curate e dettagli simbolici trasformano ogni collezione in un manifesto di libert\u00e0, autenticit\u00e0 e visione artistica.\n      <\/p>\n      <div style=\"margin-top:36px;padding:0 0 0 20px;border-left:2px solid rgba(10,10,15,0.15);\">\n        <p style=\"font-family:Poppins,sans-serif;font-weight:400;font-style:italic;font-size:17px;line-height:1.75;color:rgba(10,10,15,0.50);margin:0;\">\u00abOgni capo racconta una storia. Ogni collezione \u00e8 un manifesto.\u00bb<\/p>\n      <\/div>\n      <div style=\"display:flex;flex-wrap:wrap;gap:8px;margin-top:36px;\">\n        <span style=\"font-family:Poppins,sans-serif;font-weight:400;font-size:10px;letter-spacing:0.2em;text-transform:uppercase;padding:10px 20px;border:1px solid rgba(10,10,15,0.15);color:rgba(10,10,15,0.50);display:inline-block;line-height:1.2;\">Emozione<\/span>\n        <span style=\"font-family:Poppins,sans-serif;font-weight:400;font-size:10px;letter-spacing:0.2em;text-transform:uppercase;padding:10px 20px;border:1px solid rgba(10,10,15,0.15);color:rgba(10,10,15,0.50);display:inline-block;line-height:1.2;\">Identit\u00e0<\/span>\n        <span style=\"font-family:Poppins,sans-serif;font-weight:400;font-size:10px;letter-spacing:0.2em;text-transform:uppercase;padding:10px 20px;border:1px solid rgba(10,10,15,0.15);color:rgba(10,10,15,0.50);display:inline-block;line-height:1.2;\">Libert\u00e0<\/span>\n        <span style=\"font-family:Poppins,sans-serif;font-weight:400;font-size:10px;letter-spacing:0.2em;text-transform:uppercase;padding:10px 20px;border:1px solid rgba(10,10,15,0.15);color:rgba(10,10,15,0.50);display:inline-block;line-height:1.2;\">Autenticit\u00e0<\/span>\n      <\/div>\n    <\/div>\n  <\/div>\n\n  <!-- ===== LO STILE (DARK) ===== -->\n  <div style=\"padding:100px 24px;background:#0A0A0F;\">\n    <div style=\"max-width:820px;margin:0 auto;\">\n      <div style=\"width:45px;height:1px;background:rgba(255,255,255,0.10);margin:0 0 32px 0;\"><\/div>\n      <h2 style=\"font-family:Poppins,sans-serif;font-weight:700;font-size:52px;line-height:1.1;letter-spacing:-0.02em;color:#FFFFFF;margin:0 0 28px 0;\">Lo stile.<\/h2>\n      <p style=\"font-family:Poppins,sans-serif;font-weight:300;font-size:15px;line-height:2.05;color:rgba(255,255,255,0.50);max-width:600px;margin:0;\">\n        Giuseppe De Franco fonde tradizione sartoriale italiana e spirito contemporaneo. Linee essenziali e tagli audaci si incontrano con elementi ispirati alla cultura classica, al mare, alla natura e alla vitalit\u00e0 mediterranea. Il risultato: una moda che vive tra lusso e avanguardia, pensata per chi non ha paura di distinguersi.\n      <\/p>\n      <div style=\"margin-top:36px;padding:0 0 0 20px;border-left:2px solid rgba(255,255,255,0.12);\">\n        <p style=\"font-family:Poppins,sans-serif;font-weight:400;font-style:italic;font-size:17px;line-height:1.75;color:rgba(255,255,255,0.50);margin:0;\">\u00abTra lusso e avanguardia, per chi non ha paura di distinguersi.\u00bb<\/p>\n      <\/div>\n      <div style=\"display:flex;flex-wrap:wrap;gap:8px;margin-top:36px;\">\n        <span style=\"font-family:Poppins,sans-serif;font-weight:400;font-size:10px;letter-spacing:0.2em;text-transform:uppercase;padding:10px 20px;border:1px solid rgba(255,255,255,0.12);color:rgba(255,255,255,0.30);display:inline-block;line-height:1.2;\">Sartoria<\/span>\n        <span style=\"font-family:Poppins,sans-serif;font-weight:400;font-size:10px;letter-spacing:0.2em;text-transform:uppercase;padding:10px 20px;border:1px solid rgba(255,255,255,0.12);color:rgba(255,255,255,0.30);display:inline-block;line-height:1.2;\">Mediterraneo<\/span>\n        <span style=\"font-family:Poppins,sans-serif;font-weight:400;font-size:10px;letter-spacing:0.2em;text-transform:uppercase;padding:10px 20px;border:1px solid rgba(255,255,255,0.12);color:rgba(255,255,255,0.30);display:inline-block;line-height:1.2;\">Avanguardia<\/span>\n        <span style=\"font-family:Poppins,sans-serif;font-weight:400;font-size:10px;letter-spacing:0.2em;text-transform:uppercase;padding:10px 20px;border:1px solid rgba(255,255,255,0.12);color:rgba(255,255,255,0.30);display:inline-block;line-height:1.2;\">Lusso<\/span>\n      <\/div>\n    <\/div>\n  <\/div>\n\n  <!-- ===== IL FUTURO (LIGHT) ===== -->\n  <div style=\"padding:100px 24px;background:#F7F6F3;\">\n    <div style=\"max-width:820px;margin:0 auto;\">\n      <div style=\"width:45px;height:1px;background:rgba(10,10,15,0.15);margin:0 0 32px 0;\"><\/div>\n      <h2 style=\"font-family:Poppins,sans-serif;font-weight:700;font-size:52px;line-height:1.1;letter-spacing:-0.02em;color:#0A0A0F;margin:0 0 28px 0;\">Il futuro.<\/h2>\n      <p style=\"font-family:Poppins,sans-serif;font-weight:300;font-size:15px;line-height:2.05;color:rgba(10,10,15,0.50);max-width:600px;margin:0;\">\n        L'obiettivo \u00e8 ambizioso: portare la moda fuori dalle passerelle convenzionali, fino agli stadi, alle piazze, ai luoghi simbolo del mondo. Creare un movimento culturale che unisce persone e stili, rendendo la moda non solo da indossare, ma da vivere.\n      <\/p>\n      <div style=\"margin-top:36px;padding:0 0 0 20px;border-left:2px solid rgba(10,10,15,0.15);\">\n        <p style=\"font-family:Poppins,sans-serif;font-weight:400;font-style:italic;font-size:17px;line-height:1.75;color:rgba(10,10,15,0.50);margin:0;\">\u00abNon solo da indossare, ma da vivere.\u00bb<\/p>\n      <\/div>\n      <div style=\"display:flex;flex-wrap:wrap;gap:12px;margin-top:36px;\">\n        <div style=\"flex:1 1 0;min-width:100px;padding:20px 12px;text-align:center;border:1px solid rgba(10,10,15,0.12);\"><span style=\"font-family:Poppins,sans-serif;font-weight:300;font-size:10px;letter-spacing:0.25em;text-transform:uppercase;color:rgba(10,10,15,0.45);display:block;line-height:1.2;\">Stadi<\/span><\/div>\n        <div style=\"flex:1 1 0;min-width:100px;padding:20px 12px;text-align:center;border:1px solid rgba(10,10,15,0.12);\"><span style=\"font-family:Poppins,sans-serif;font-weight:300;font-size:10px;letter-spacing:0.25em;text-transform:uppercase;color:rgba(10,10,15,0.45);display:block;line-height:1.2;\">Piazze<\/span><\/div>\n        <div style=\"flex:1 1 0;min-width:100px;padding:20px 12px;text-align:center;border:1px solid rgba(10,10,15,0.12);\"><span style=\"font-family:Poppins,sans-serif;font-weight:300;font-size:10px;letter-spacing:0.25em;text-transform:uppercase;color:rgba(10,10,15,0.45);display:block;line-height:1.2;\">Capitali<\/span><\/div>\n        <div style=\"flex:1 1 0;min-width:100px;padding:20px 12px;text-align:center;border:1px solid rgba(10,10,15,0.12);\"><span style=\"font-family:Poppins,sans-serif;font-weight:300;font-size:10px;letter-spacing:0.25em;text-transform:uppercase;color:rgba(10,10,15,0.45);display:block;line-height:1.2;\">Il Mondo<\/span><\/div>\n      <\/div>\n    <\/div>\n  <\/div>\n\n  <!-- ===== CTA (DARK) ===== -->\n  <div style=\"padding:120px 24px;text-align:center;background:#0A0A0F;\">\n    <h2 style=\"font-family:Poppins,sans-serif;font-weight:600;font-size:36px;letter-spacing:0.06em;text-transform:uppercase;color:#FFFFFF;margin:0 0 40px 0;line-height:1.2;\">Scopri la Collezione<\/h2>\n    <a href=\"https:\/\/www.giuseppedefranco.com\/shop\/\" style=\"display:inline-block;font-family:Poppins,sans-serif;font-weight:500;font-size:12px;letter-spacing:0.3em;text-transform:uppercase;color:#0A0A0F;background:#FFFFFF;padding:16px 48px;text-decoration:none;border:1px solid #FFFFFF;line-height:1.4; margin-top:25px\">Shop Now<\/a>\n  <\/div>\n\n<\/div>\t\t\t\t<\/div>\n\t\t\t\t<\/div>\n\t\t<div class=\"elementor-element elementor-element-d85c547 e-flex e-con-boxed e-con e-parent\" data-id=\"d85c547\" data-element_type=\"container\" data-e-type=\"container\" data-settings=\"{&quot;background_background&quot;:&quot;gradient&quot;}\">\n\t\t\t\t\t<div class=\"e-con-inner\">\n\t\t\t\t<div class=\"elementor-element elementor-element-816983b elementor-blockquote--skin-quotation elementor-blockquote--align-center elementor-widget elementor-widget-blockquote\" data-id=\"816983b\" data-element_type=\"widget\" data-e-type=\"widget\" data-widget_type=\"blockquote.default\">\n\t\t\t\t\t\t\t<blockquote class=\"elementor-blockquote\">\n\t\t\t<p class=\"elementor-blockquote__content\">\n\t\t\t\tGiuseppe De Franco \u00e8 un brand pensato per l'uomo raffinato e amante del gusto eclettico e sartoriale con una produzione Made in Italy\t\t\t<\/p>\n\t\t\t\t\t<\/blockquote>\n\t\t\t\t\t\t<\/div>\n\t\t\t\t\t<\/div>\n\t\t\t\t<\/div>\n\t\t\t\t<\/div>\n\t\t","protected":false},"excerpt":{"rendered":"<p>BRAND STORY Radici mediterranee, visione globale. Giuseppe De Franco nasce in Calabria, una terra di mare, luce e contrasti. Ogni collezione \u00e8 un ponte tra le origini e il futuro: un racconto che parte dalle coste del Sud Italia e si apre al mondo con un linguaggio universale di eleganza, energia e innovazione. La missione&#8230;.<\/p>","protected":false},"author":1,"featured_media":0,"parent":0,"menu_order":0,"comment_status":"closed","ping_status":"closed","template":"","meta":{"_kad_post_transparent":"","_kad_post_title":"hide","_kad_post_layout":"fullwidth","_kad_post_sidebar_id":"","_kad_post_content_style":"unboxed","_kad_post_vertical_padding":"hide","_kad_post_feature":"hide","_kad_post_feature_position":"","_kad_post_header":false,"_kad_post_footer":false,"_kad_post_classname":"","_jf_save_progress":"","footnotes":""},"class_list":["post-676","page","type-page","status-publish","hentry"],"jetpack_sharing_enabled":true,"_links":{"self":[{"href":"https:\/\/www.giuseppedefranco.com\/es\/wp-json\/wp\/v2\/pages\/676","targetHints":{"allow":["GET"]}}],"collection":[{"href":"https:\/\/www.giuseppedefranco.com\/es\/wp-json\/wp\/v2\/pages"}],"about":[{"href":"https:\/\/www.giuseppedefranco.com\/es\/wp-json\/wp\/v2\/types\/page"}],"author":[{"embeddable":true,"href":"https:\/\/www.giuseppedefranco.com\/es\/wp-json\/wp\/v2\/users\/1"}],"replies":[{"embeddable":true,"href":"https:\/\/www.giuseppedefranco.com\/es\/wp-json\/wp\/v2\/comments?post=676"}],"version-history":[{"count":88,"href":"https:\/\/www.giuseppedefranco.com\/es\/wp-json\/wp\/v2\/pages\/676\/revisions"}],"predecessor-version":[{"id":2998,"href":"https:\/\/www.giuseppedefranco.com\/es\/wp-json\/wp\/v2\/pages\/676\/revisions\/2998"}],"wp:attachment":[{"href":"https:\/\/www.giuseppedefranco.com\/es\/wp-json\/wp\/v2\/media?parent=676"}],"curies":[{"name":"wp","href":"https:\/\/api.w.org\/{rel}","templated":true}]}}